{"id":46,"date":"2017-10-08T22:30:33","date_gmt":"2017-10-08T20:30:33","guid":{"rendered":"http:\/\/trustintech.eu\/?page_id=46"},"modified":"2017-10-08T22:30:33","modified_gmt":"2017-10-08T20:30:33","slug":"worum-es-bei-uns-geht","status":"publish","type":"page","link":"https:\/\/trustintech.eu\/index.php\/worum-es-bei-uns-geht\/","title":{"rendered":"Worum es bei uns geht"},"content":{"rendered":"<p>Beim Trust in Tech Meetup besch\u00e4ftigen wir uns mit den Ursachen von Cyber-Attacken. Wir analysieren die Mittel, Methoden und Wege der Angreifer. Wir besch\u00e4ftigen uns mit Sicherheitsans\u00e4tzen und Produkten, lernen, testen und diskutieren mit spannenden Security-K\u00f6pfen aus der Branche. Wir sind Produkt und Herstellerunabh\u00e4ngig &#8211; hart aber fair und freuen uns \u00fcber jeden Interessierten \/ Teilnehmer, egal aus welchen Gr\u00fcnden du dich f\u00fcr uns interessierst.<\/p>\n","protected":false},"excerpt":{"rendered":"<p>Beim Trust in Tech Meetup besch\u00e4ftigen wir uns mit den Ursachen von Cyber-Attacken. Wir analysieren die Mittel, Methoden und Wege der Angreifer. Wir besch\u00e4ftigen uns mit Sicherheitsans\u00e4tzen und Produkten, lernen, testen und diskutieren mit spannenden Security-K\u00f6pfen aus der Branche. Wir sind Produkt und Herstellerunabh\u00e4ngig &#8211; hart aber fair und freuen uns \u00fcber jeden Interessierten \/&#160;[&#8230;] <\/p>\n<p><a href=\"https:\/\/trustintech.eu\/index.php\/worum-es-bei-uns-geht\/\" title=\"\" class=\"more-link\">Weiterlesen&#160;&#8230;<\/a><\/p>\n","protected":false},"author":1,"featured_media":0,"parent":0,"menu_order":0,"comment_status":"closed","ping_status":"closed","template":"","meta":[],"_links":{"self":[{"href":"https:\/\/trustintech.eu\/index.php\/wp-json\/wp\/v2\/pages\/46"}],"collection":[{"href":"https:\/\/trustintech.eu\/index.php\/wp-json\/wp\/v2\/pages"}],"about":[{"href":"https:\/\/trustintech.eu\/index.php\/wp-json\/wp\/v2\/types\/page"}],"author":[{"embeddable":true,"href":"https:\/\/trustintech.eu\/index.php\/wp-json\/wp\/v2\/users\/1"}],"replies":[{"embeddable":true,"href":"https:\/\/trustintech.eu\/index.php\/wp-json\/wp\/v2\/comments?post=46"}],"version-history":[{"count":2,"href":"https:\/\/trustintech.eu\/index.php\/wp-json\/wp\/v2\/pages\/46\/revisions"}],"predecessor-version":[{"id":293,"href":"https:\/\/trustintech.eu\/index.php\/wp-json\/wp\/v2\/pages\/46\/revisions\/293"}],"wp:attachment":[{"href":"https:\/\/trustintech.eu\/index.php\/wp-json\/wp\/v2\/media?parent=46"}],"curies":[{"name":"wp","href":"https:\/\/api.w.org\/{rel}","templated":true}]}}